{"id":1079,"date":"2019-01-23T06:31:31","date_gmt":"2019-01-23T06:31:31","guid":{"rendered":"https:\/\/aliciacrottishiatsu.com.ar\/index.php\/about-us\/"},"modified":"2021-04-05T22:19:12","modified_gmt":"2021-04-05T22:19:12","slug":"curriculum","status":"publish","type":"page","link":"https:\/\/aliciacrottishiatsu.com.ar\/en\/curriculum\/","title":{"rendered":"Curriculum"},"content":{"rendered":"<div data-elementor-type=\"wp-post\" data-elementor-id=\"1079\" class=\"elementor elementor-1079\">\n\t\t\t\t\t\t<section class=\"elementor-section elementor-top-section elementor-element elementor-element-ed636b5 elementor-section-boxed elementor-section-height-default elementor-section-height-default\" data-id=\"ed636b5\" data-element_type=\"section\" data-e-type=\"section\">\n\t\t\t\t\t\t<div class=\"elementor-container elementor-column-gap-default\">\n\t\t\t\t\t<div class=\"elementor-column elementor-col-50 elementor-top-column elementor-element elementor-element-bf62bde\" data-id=\"bf62bde\" data-element_type=\"column\" data-e-type=\"column\">\n\t\t\t<div class=\"elementor-widget-wrap elementor-element-populated\">\n\t\t\t\t\t\t<div class=\"elementor-element elementor-element-c6e2323 elementor-widget elementor-widget-heading\" data-id=\"c6e2323\" data-element_type=\"widget\" data-e-type=\"widget\" data-widget_type=\"heading.default\">\n\t\t\t\t<div class=\"elementor-widget-container\">\n\t\t\t\t\t<h2 class=\"elementor-heading-title elementor-size-default\">ALICIA CROTTI<\/h2>\t\t\t\t<\/div>\n\t\t\t\t<\/div>\n\t\t\t\t<div class=\"elementor-element elementor-element-40c5215 elementor-widget elementor-widget-heading\" data-id=\"40c5215\" data-element_type=\"widget\" data-e-type=\"widget\" data-widget_type=\"heading.default\">\n\t\t\t\t<div class=\"elementor-widget-container\">\n\t\t\t\t\t<h2 class=\"elementor-heading-title elementor-size-default\">CURRICULUM<\/h2>\t\t\t\t<\/div>\n\t\t\t\t<\/div>\n\t\t\t\t<div class=\"elementor-element elementor-element-dcb34d5 elementor-drop-cap-yes elementor-drop-cap-view-default elementor-widget elementor-widget-text-editor\" data-id=\"dcb34d5\" data-element_type=\"widget\" data-e-type=\"widget\" data-settings=\"{&quot;drop_cap&quot;:&quot;yes&quot;}\" data-widget_type=\"text-editor.default\">\n\t\t\t\t<div class=\"elementor-widget-container\">\n\t\t\t\t\t\t\t\t\t<p>Alicia Crotti currently works in her own studio as a KORPOREO Method therapist and teacher with patients and private students, both in person and online. She has delivered training classes and workshops in Buenos Aires, C\u00f3rdoba and at the University of Buenos Aires, Argentina. She has also worked as an integrative therapist at the Pallium Latinoamerica Foundation where she trained in palliative care.<\/p><p>She is a Shiatsu therapist who has done Intensive training along the years at different centers:<\/p>\t\t\t\t\t\t\t\t<\/div>\n\t\t\t\t<\/div>\n\t\t\t\t<div class=\"elementor-element elementor-element-2866db8 elementor-icon-list--layout-traditional elementor-list-item-link-full_width elementor-widget elementor-widget-icon-list\" data-id=\"2866db8\" data-element_type=\"widget\" data-e-type=\"widget\" data-widget_type=\"icon-list.default\">\n\t\t\t\t<div class=\"elementor-widget-container\">\n\t\t\t\t\t\t\t<ul class=\"elementor-icon-list-items\">\n\t\t\t\t\t\t\t<li class=\"elementor-icon-list-item\">\n\t\t\t\t\t\t\t\t\t\t\t<span class=\"elementor-icon-list-icon\">\n\t\t\t\t\t\t\t<i aria-hidden=\"true\" class=\"fas fa-circle\"><\/i>\t\t\t\t\t\t<\/span>\n\t\t\t\t\t\t\t\t\t\t<span class=\"elementor-icon-list-text\">IOKAI SHIATSU CENTER with Haruhiko Maunaga Sensei (KeirakuShiatsu courses basic and advanced) - Tokyo, Japan.<\/span>\n\t\t\t\t\t\t\t\t\t<\/li>\n\t\t\t\t\t\t\t\t<li class=\"elementor-icon-list-item\">\n\t\t\t\t\t\t\t\t\t\t\t<span class=\"elementor-icon-list-icon\">\n\t\t\t\t\t\t\t<i aria-hidden=\"true\" class=\"fas fa-circle\"><\/i>\t\t\t\t\t\t<\/span>\n\t\t\t\t\t\t\t\t\t\t<span class=\"elementor-icon-list-text\">OKAI Europe School with Kazunori Sasaki Sensei \u2013  Milan, Italy and Montpellier, France.<\/span>\n\t\t\t\t\t\t\t\t\t<\/li>\n\t\t\t\t\t\t\t\t<li class=\"elementor-icon-list-item\">\n\t\t\t\t\t\t\t\t\t\t\t<span class=\"elementor-icon-list-icon\">\n\t\t\t\t\t\t\t<i aria-hidden=\"true\" class=\"fas fa-circle\"><\/i>\t\t\t\t\t\t<\/span>\n\t\t\t\t\t\t\t\t\t\t<span class=\"elementor-icon-list-text\">Shiatsu College with Michael Rose and Cliff Andrews \u2013 Brighton and Norwich, England.<\/span>\n\t\t\t\t\t\t\t\t\t<\/li>\n\t\t\t\t\t\t\t\t<li class=\"elementor-icon-list-item\">\n\t\t\t\t\t\t\t\t\t\t\t<span class=\"elementor-icon-list-icon\">\n\t\t\t\t\t\t\t<i aria-hidden=\"true\" class=\"fas fa-circle\"><\/i>\t\t\t\t\t\t<\/span>\n\t\t\t\t\t\t\t\t\t\t<span class=\"elementor-icon-list-text\">Zen Shiatsu Center with Eiji Mino Sensei \u2013 Buenos Aires, Argentina.<\/span>\n\t\t\t\t\t\t\t\t\t<\/li>\n\t\t\t\t\t\t\t\t<li class=\"elementor-icon-list-item\">\n\t\t\t\t\t\t\t\t\t\t\t<span class=\"elementor-icon-list-icon\">\n\t\t\t\t\t\t\t<i aria-hidden=\"true\" class=\"fas fa-circle\"><\/i>\t\t\t\t\t\t<\/span>\n\t\t\t\t\t\t\t\t\t\t<span class=\"elementor-icon-list-text\">Shiatsunuad School with Valerie Gaillard \u2013 Buenos Aires, Argentina.<\/span>\n\t\t\t\t\t\t\t\t\t<\/li>\n\t\t\t\t\t\t\t\t<li class=\"elementor-icon-list-item\">\n\t\t\t\t\t\t\t\t\t\t\t<span class=\"elementor-icon-list-icon\">\n\t\t\t\t\t\t\t<i aria-hidden=\"true\" class=\"fas fa-circle\"><\/i>\t\t\t\t\t\t<\/span>\n\t\t\t\t\t\t\t\t\t\t<span class=\"elementor-icon-list-text\">Ohashiatsu with Wataru Ohashi Sensei \u2013 Buenos Aires, Argentina.<\/span>\n\t\t\t\t\t\t\t\t\t<\/li>\n\t\t\t\t\t\t<\/ul>\n\t\t\t\t\t\t<\/div>\n\t\t\t\t<\/div>\n\t\t\t\t<div class=\"elementor-element elementor-element-de75b14 elementor-widget elementor-widget-text-editor\" data-id=\"de75b14\" data-element_type=\"widget\" data-e-type=\"widget\" data-widget_type=\"text-editor.default\">\n\t\t\t\t<div class=\"elementor-widget-container\">\n\t\t\t\t\t\t\t\t\t<p>Alicia\u2019s therapeutic background is also related to her studies with Miguel Do\u00f1a(Shiatsu), Mirta Casado (Bone Maneuvers), Eduardo Fain (individual Family Constellations), Valerie Gaillard (diagnosis and Thai massage) and Lorena De Piano from the Vibrational Therapies Training Center (Sound Bowls).<\/p><p>She has a postgraduate degree at Universidad del Salvador de Buenos Aires in therapeutic body techniques, Chinese Medicine at the Argentine Naturopathic Foundation.<\/p><p>Alicia\u2019s  artistic background is related to dancing. She trained both as a contemporary dancer at the Margarita Bali School and with expressive gymnastics such as Ashtanga, Iyengar and Hatha Yoga.<\/p>\t\t\t\t\t\t\t\t<\/div>\n\t\t\t\t<\/div>\n\t\t\t\t\t<\/div>\n\t\t<\/div>\n\t\t\t\t<div class=\"elementor-column elementor-col-50 elementor-top-column elementor-element elementor-element-66ba266\" data-id=\"66ba266\" data-element_type=\"column\" data-e-type=\"column\">\n\t\t\t<div class=\"elementor-widget-wrap elementor-element-populated\">\n\t\t\t\t\t\t<div class=\"elementor-element elementor-element-a7ced93 elementor-widget elementor-widget-image\" data-id=\"a7ced93\" data-element_type=\"widget\" data-e-type=\"widget\" data-widget_type=\"image.default\">\n\t\t\t\t<div class=\"elementor-widget-container\">\n\t\t\t\t\t\t\t\t\t\t\t\t\t\t\t<img fetchpriority=\"high\" decoding=\"async\" width=\"768\" height=\"593\" src=\"https:\/\/aliciacrottishiatsu.com.ar\/wp-content\/uploads\/2021\/02\/alicia-metodo-korporeo-768x593.jpg\" class=\"attachment-medium_large size-medium_large wp-image-1240\" alt=\"\" srcset=\"https:\/\/aliciacrottishiatsu.com.ar\/wp-content\/uploads\/2021\/02\/alicia-metodo-korporeo-768x593.jpg 768w, https:\/\/aliciacrottishiatsu.com.ar\/wp-content\/uploads\/2021\/02\/alicia-metodo-korporeo-300x232.jpg 300w, https:\/\/aliciacrottishiatsu.com.ar\/wp-content\/uploads\/2021\/02\/alicia-metodo-korporeo-1024x791.jpg 1024w, https:\/\/aliciacrottishiatsu.com.ar\/wp-content\/uploads\/2021\/02\/alicia-metodo-korporeo-600x464.jpg 600w, https:\/\/aliciacrottishiatsu.com.ar\/wp-content\/uploads\/2021\/02\/alicia-metodo-korporeo.jpg 1280w\" sizes=\"(max-width: 768px) 100vw, 768px\" \/>\t\t\t\t\t\t\t\t\t\t\t\t\t\t\t<\/div>\n\t\t\t\t<\/div>\n\t\t\t\t<div class=\"elementor-element elementor-element-99ac196 elementor-view-default elementor-widget elementor-widget-icon\" data-id=\"99ac196\" data-element_type=\"widget\" data-e-type=\"widget\" data-widget_type=\"icon.default\">\n\t\t\t\t<div class=\"elementor-widget-container\">\n\t\t\t\t\t\t\t<div class=\"elementor-icon-wrapper\">\n\t\t\t<div class=\"elementor-icon\">\n\t\t\t<svg xmlns=\"http:\/\/www.w3.org\/2000\/svg\" viewbox=\"0 0 11.54 11.54\"><defs><style>.cls-1{fill:#de040b;}<\/style><\/defs><g id=\"Layer_2\" data-name=\"Layer 2\"><g id=\"Layer_1-2\" data-name=\"Layer 1\"><path class=\"cls-1\" d=\"M4.46,1.11l0,0a2,2,0,0,1-.53.72l-.14-.1a1.36,1.36,0,0,0,.45-.55H2.6V1H4.32Zm-.88.41s0,0-.05,0a1.64,1.64,0,0,1-.71,1.31l-.13-.11a1.45,1.45,0,0,0,.67-1.26Z\"><\/path><path class=\"cls-1\" d=\"M2.9,4.77V3.68h.22a.06.06,0,0,1-.06,0v1ZM4.15,3.59s0,0-.05,0v.71A1.12,1.12,0,0,1,3.29,5.5a.63.63,0,0,0-.11-.12,1,1,0,0,0,.76-1V3.58Z\"><\/path><path class=\"cls-1\" d=\"M2.66,6.78a3.12,3.12,0,0,1,.61.2l-.07.14a3.94,3.94,0,0,0-.61-.21Zm.14,1.1A2.37,2.37,0,0,0,4.33,6.57l.13.1A2.49,2.49,0,0,1,3,8a.05.05,0,0,1,0,.05Zm.11-1.66a3,3,0,0,1,.6.22l-.07.14a4.17,4.17,0,0,0-.6-.23Z\"><\/path><path class=\"cls-1\" d=\"M4.46,8.85l0,0a2,2,0,0,1-.53.72l-.14-.1a1.42,1.42,0,0,0,.45-.55H2.6V8.78H4.32Zm-.88.41s0,0-.05,0a1.64,1.64,0,0,1-.71,1.31l-.13-.11a1.45,1.45,0,0,0,.67-1.26Z\"><\/path><path class=\"cls-1\" d=\"M9.05,1.06l0,0A2.36,2.36,0,0,1,7.79,2.6a.63.63,0,0,0-.11-.12A2.14,2.14,0,0,0,8.82,1.15H8a2.35,2.35,0,0,1-.5.55l-.13-.1a2.24,2.24,0,0,0,.72-1l.21.06a.06.06,0,0,1-.06,0A2.49,2.49,0,0,1,8.1,1h.82Z\"><\/path><path class=\"cls-1\" d=\"M9,3V4.5H8.83V4.36H7.59v.15H7.44V3ZM8.83,4.21v-1H7.59v1Z\"><\/path><path class=\"cls-1\" d=\"M7.61,5a2.54,2.54,0,0,1,.16.49l-.12,0a2.79,2.79,0,0,0-.17-.48ZM9,5.05s0,0,0,0A1.72,1.72,0,0,1,7.85,6.35a.43.43,0,0,0-.09-.1A1.58,1.58,0,0,0,8.77,5Zm-.8-.12a3.1,3.1,0,0,1,.11.51l-.14,0A2.33,2.33,0,0,0,8,5Z\"><\/path><path class=\"cls-1\" d=\"M9.12,7.55H8.36l0,0a.06.06,0,0,1-.05,0,1.22,1.22,0,0,1-.69,1l-.12-.11a1.09,1.09,0,0,0,.65-1H7.31V7.4H9.12ZM8.9,6.92H7.52V6.77H8.9Z\"><\/path><path class=\"cls-1\" d=\"M9,9.15l0,0h0a4.93,4.93,0,0,1-.49.42l.05,0,0,0v1H8.28V9.66a7.23,7.23,0,0,1-.74.43A.76.76,0,0,0,7.46,10,4.28,4.28,0,0,0,8.82,9Z\"><\/path><path class=\"cls-1\" d=\"M10.22,11.54H1.33a1.32,1.32,0,0,1-.94-.39A1.31,1.31,0,0,1,0,10.22V1.33A1.33,1.33,0,0,1,1.33,0h8.89a1.31,1.31,0,0,1,.93.39,1.32,1.32,0,0,1,.39.94v8.89a1.33,1.33,0,0,1-1.32,1.32ZM1.33.12A1.18,1.18,0,0,0,.48.48a1.18,1.18,0,0,0-.36.85v8.89a1.2,1.2,0,0,0,.36.85,1.21,1.21,0,0,0,.85.35h8.89a1.2,1.2,0,0,0,1.2-1.2V1.33a1.21,1.21,0,0,0-.35-.85,1.2,1.2,0,0,0-.85-.36Z\"><\/path><\/g><\/g><\/svg>\t\t\t<\/div>\n\t\t<\/div>\n\t\t\t\t\t\t<\/div>\n\t\t\t\t<\/div>\n\t\t\t\t\t<\/div>\n\t\t<\/div>\n\t\t\t\t\t<\/div>\n\t\t<\/section>\n\t\t\t\t<\/div>","protected":false},"excerpt":{"rendered":"<p>ALICIA CROTTI CURRICULUM En la actualidad trabaja en su espacio como terapeuta con pacientes y con el M\u00e9todo KORPOREO con alumnos particulares de manera presencial y on line. Ha dictado clases de entrenamiento y talleres en Buenos Aires, C\u00f3rdoba y en la Universidad de Buenos Aires, Argentina. Se desempe\u00f1\u00f3 como terapeuta integrativa en la Fundaci\u00f3n [&hellip;]<\/p>\n","protected":false},"author":1,"featured_media":0,"parent":0,"menu_order":0,"comment_status":"closed","ping_status":"closed","template":"","meta":{"site-sidebar-layout":"no-sidebar","site-content-layout":"page-builder","ast-site-content-layout":"default","site-content-style":"default","site-sidebar-style":"default","ast-global-header-display":"","ast-banner-title-visibility":"","ast-main-header-display":"","ast-hfb-above-header-display":"","ast-hfb-below-header-display":"","ast-hfb-mobile-header-display":"","site-post-title":"disabled","ast-breadcrumbs-content":"","ast-featured-img":"disabled","footer-sml-layout":"","ast-disable-related-posts":"","theme-transparent-header-meta":"disabled","adv-header-id-meta":"","stick-header-meta":"","header-above-stick-meta":"","header-main-stick-meta":"","header-below-stick-meta":"","astra-migrate-meta-layouts":"default","ast-page-background-enabled":"default","ast-page-background-meta":{"desktop":{"background-color":"","background-image":"","background-repeat":"repeat","background-position":"center center","background-size":"auto","background-attachment":"scroll","background-type":"","background-media":"","overlay-type":"","overlay-color":"","overlay-opacity":"","overlay-gradient":""},"tablet":{"background-color":"","background-image":"","background-repeat":"repeat","background-position":"center center","background-size":"auto","background-attachment":"scroll","background-type":"","background-media":"","overlay-type":"","overlay-color":"","overlay-opacity":"","overlay-gradient":""},"mobile":{"background-color":"","background-image":"","background-repeat":"repeat","background-position":"center center","background-size":"auto","background-attachment":"scroll","background-type":"","background-media":"","overlay-type":"","overlay-color":"","overlay-opacity":"","overlay-gradient":""}},"ast-content-background-meta":{"desktop":{"background-color":"var(--ast-global-color-5)","background-image":"","background-repeat":"repeat","background-position":"center center","background-size":"auto","background-attachment":"scroll","background-type":"","background-media":"","overlay-type":"","overlay-color":"","overlay-opacity":"","overlay-gradient":""},"tablet":{"background-color":"var(--ast-global-color-5)","background-image":"","background-repeat":"repeat","background-position":"center center","background-size":"auto","background-attachment":"scroll","background-type":"","background-media":"","overlay-type":"","overlay-color":"","overlay-opacity":"","overlay-gradient":""},"mobile":{"background-color":"var(--ast-global-color-5)","background-image":"","background-repeat":"repeat","background-position":"center center","background-size":"auto","background-attachment":"scroll","background-type":"","background-media":"","overlay-type":"","overlay-color":"","overlay-opacity":"","overlay-gradient":""}},"footnotes":""},"class_list":["post-1079","page","type-page","status-publish","hentry"],"_links":{"self":[{"href":"https:\/\/aliciacrottishiatsu.com.ar\/en\/wp-json\/wp\/v2\/pages\/1079","targetHints":{"allow":["GET"]}}],"collection":[{"href":"https:\/\/aliciacrottishiatsu.com.ar\/en\/wp-json\/wp\/v2\/pages"}],"about":[{"href":"https:\/\/aliciacrottishiatsu.com.ar\/en\/wp-json\/wp\/v2\/types\/page"}],"author":[{"embeddable":true,"href":"https:\/\/aliciacrottishiatsu.com.ar\/en\/wp-json\/wp\/v2\/users\/1"}],"replies":[{"embeddable":true,"href":"https:\/\/aliciacrottishiatsu.com.ar\/en\/wp-json\/wp\/v2\/comments?post=1079"}],"version-history":[{"count":47,"href":"https:\/\/aliciacrottishiatsu.com.ar\/en\/wp-json\/wp\/v2\/pages\/1079\/revisions"}],"predecessor-version":[{"id":1582,"href":"https:\/\/aliciacrottishiatsu.com.ar\/en\/wp-json\/wp\/v2\/pages\/1079\/revisions\/1582"}],"wp:attachment":[{"href":"https:\/\/aliciacrottishiatsu.com.ar\/en\/wp-json\/wp\/v2\/media?parent=1079"}],"curies":[{"name":"wp","href":"https:\/\/api.w.org\/{rel}","templated":true}]}}